{"id":17009,"date":"2019-03-04T16:32:00","date_gmt":"2019-03-04T15:32:00","guid":{"rendered":"http:\/\/www.irse-ebi.org.mialias.net\/?page_id=17009"},"modified":"2022-05-10T12:24:33","modified_gmt":"2022-05-10T10:24:33","slug":"irse-ebi-intranet","status":"publish","type":"page","link":"https:\/\/irse-ebi.org\/es\/irse-ebi-intranet\/","title":{"rendered":"Irse-Ebi Intranet"},"content":{"rendered":"\n<h1>\n\tINTRANET\n\t<\/h1>\n<h2>\n\t\t<a href=\"https:\/\/sites.google.com\/site\/irseebieuskara\/home\" title=\"EUSKERA\" target=\"_blank\" rel=\"noopener noreferrer\">\n\t\tEUSKERA\n\t\t<\/a>\n\t<\/h2>\n\t\t\t\t<a href=\"https:\/\/sites.google.com\/site\/irseebieuskara\/home\" target=\"_blank\" rel=\"noopener noreferrer\" itemprop=\"url\">\n\t\t\t\t<img decoding=\"async\" src=\"https:\/\/irse-ebi.org\/wp-content\/uploads\/2019\/10\/Captura.png\" alt=\"Captura\" itemprop=\"image\" title=\"Captura\" onerror=\"this.style.display='none'\">\n\t\t\t\t<\/a>\n<h2>\n\t\t<a href=\"https:\/\/sites.google.com\/site\/irseebieuskara\/home\" title=\"Enlace a el drive de Euskera\" target=\"_blank\" rel=\"noopener noreferrer\">\n\t\tEnlace a el drive de Euskera\n\t\t<\/a>\n\t<\/h2>\n\t<p>Aqu\u00ed os dejo el Link al drive de Euskera que tenemos <a href=\"https:\/\/sites.google.com\/site\/irseebieuskara\/home\">Enlace<\/a><\/p>\n<h3>\n\tNOTICIAS INTERNAS\n\t<\/h3>\n<h3>\n\tCOMUNICADOS\n\t<\/h3>\n\t\t\t\t<img decoding=\"async\" src=\"https:\/\/irse-ebi.org\/wp-content\/uploads\/2019\/03\/personas.jpg\" alt=\"personas\" itemprop=\"image\" title=\"personas\" onerror=\"this.style.display='none'\">\n<h3>\n\t\t\t<a href=\"#\" title=\"Ejemplo de comunicado\" target=\"_self\" rel=\"noopener noreferrer\">\n\tEjemplo de comunicado\n\t\t\t<\/a>\n\t<\/h3>\n\t<p>El Instituto de Reintegraci\u00f3n Social de Euskadi es una organizaci\u00f3n sin \u00e1nimo de lucro con \u00e1mbito de actuaci\u00f3n en la Comunidad Aut\u00f3noma Vasca, cuya finalidad es la de mejorar la calidad de vida de las personas con problem\u00e1tica judicial (personas \u2014mayores y menores\u2014 incursas en procesos judiciales y v\u00edctimas de cualquier tipo de delito). Apostamos por la intervenci\u00f3n en medios abiertos porque entendemos que es el espacio id\u00f3neo y adecuado para el desarrollo personal y social. Adem\u00e1s, y desde un modelo preventivo, intervenimos tambi\u00e9n con menores en situaci\u00f3n de desprotecci\u00f3n o riesgo.<\/p>\n<h3>\n\tDOCUMENTOS\n\t<\/h3>\n\t\t\t\t<img decoding=\"async\" src=\"https:\/\/irse-ebi.org\/wp-content\/uploads\/2019\/03\/servicios-publicos.jpg\" alt=\"servicios-publicos\" itemprop=\"image\" title=\"servicios-publicos\" onerror=\"this.style.display='none'\">\n<h3>\n\t\t\t<a href=\"#\" title=\"Documentos de inter\u00e9s\" target=\"_self\" rel=\"noopener noreferrer\">\n\tDocumentos de inter\u00e9s\n\t\t\t<\/a>\n\t<\/h3>\n\t<p>Nuestro foco est\u00e1 puesto en las personas con necesidades concretas en situaciones muy especiales que interfieren en su presente y condicionan su futuro. Nuestra intervenci\u00f3n busca elaborar estrategias y actuaciones personalizadas que sean facilitadoras del cambio deseado para alcanzar la mejora.<\/p>\n<h1>\n\t\u00daLTIMAS NOTICIAS\n\t<\/h1>\n\t<meta itemprop=\"datePublished\" content=\"2019-10-21\"><meta itemprop=\"dateModified\" content=\"2019-10-21\"><meta itemprop=\"name\" content=\"Irse-ebi\"><meta itemprop=\"url\" content=\"http:\/\/www.irse-ebi.org.mialias.net\"><meta itemprop=\"url\" content=\"https:\/\/irse-ebi.org\/wp-content\/uploads\/2019\/03\/logo-irse.png\"><meta itemprop=\"url\" content=\"https:\/\/irse-ebi.org\/author\/irse_admin\/\"><meta itemprop=\"name\" content=\"irse_admin\"><meta itemprop=\"url\" content=\"https:\/\/irse-ebi.org\/wp-content\/uploads\/2019\/10\/PHOTO-2019-10-17-13-22-41-3.jpg\"><meta itemprop=\"width\" content=\"1600\"><meta itemprop=\"height\" content=\"1200\"><meta itemprop=\"interactionType\" content=\"http:\/\/schema.org\/CommentAction\"><meta itemprop=\"userInteractionCount\" content=\"0\">\t\n\t\t\t\t\t\t\t\t\t<a href=\"https:\/\/irse-ebi.org\/buenas-practicas-en-el-ambito-de-la-asistencia-a-las-victimas-del-delito-en-la-union-europea-mediante-la-aplicacion-de-tecnologias-de-la-informacion\/\" title=\"Buenas pr\u00e1cticas en el \u00e1mbito de la asistencia a las v\u00edctimas del delito en la Uni\u00f3n Europea mediante la aplicaci\u00f3n de tecnolog\u00edas de la informaci\u00f3n\">\n\t\t\t\t\t\t<img decoding=\"async\" src=\"https:\/\/irse-ebi.org\/wp-content\/uploads\/2019\/10\/PHOTO-2019-10-17-13-22-41-3-420x323.jpg\" alt=\"\" srcset=\"data:image\/svg+xml;utf8,<svg%20xmlns=&quot;http:\/\/www.w3.org\/2000\/svg&quot;%20viewBox=&quot;0%200%20420%20323&quot;%20height=&quot;323px&quot;%20width=&quot;420px&quot;\/>\u00bb data-srcset=\u00bbhttps:\/\/irse-ebi.org\/wp-content\/uploads\/2019\/10\/PHOTO-2019-10-17-13-22-41-3-420&#215;323.jpg 420w, https:\/\/irse-ebi.org\/wp-content\/uploads\/2019\/10\/PHOTO-2019-10-17-13-22-41-3-1260&#215;969.jpg 1260w, https:\/\/irse-ebi.org\/wp-content\/uploads\/2019\/10\/PHOTO-2019-10-17-13-22-41-3-630&#215;484.jpg 630w, https:\/\/irse-ebi.org\/wp-content\/uploads\/2019\/10\/PHOTO-2019-10-17-13-22-41-3-840&#215;646.jpg 840w, https:\/\/irse-ebi.org\/wp-content\/uploads\/2019\/10\/PHOTO-2019-10-17-13-22-41-3-315&#215;242.jpg 315w\u00bb sizes=\u00bb(min-width: 900px) 50vw, 100vw\u00bb data-attachment-id=\u00bb18446&#8243; data-permalink=\u00bbhttps:\/\/irse-ebi.org\/buenas-practicas-en-el-ambito-de-la-asistencia-a-las-victimas-del-delito-en-la-union-europea-mediante-la-aplicacion-de-tecnologias-de-la-informacion\/photo-2019-10-17-13-22-41-3\/\u00bb data-orig-file=\u00bbhttps:\/\/irse-ebi.org\/wp-content\/uploads\/2019\/10\/PHOTO-2019-10-17-13-22-41-3.jpg\u00bb data-orig-size=\u00bb1600,1200&#8243; data-comments-opened=\u00bb0&#8243; data-image-meta=\u00bb{&quot;aperture&quot;:&quot;0&quot;,&quot;credit&quot;:&quot;&quot;,&quot;camera&quot;:&quot;&quot;,&quot;caption&quot;:&quot;&quot;,&quot;created_timestamp&quot;:&quot;0&quot;,&quot;copyright&quot;:&quot;&quot;,&quot;focal_length&quot;:&quot;0&quot;,&quot;iso&quot;:&quot;0&quot;,&quot;shutter_speed&quot;:&quot;0&quot;,&quot;title&quot;:&quot;&quot;,&quot;orientation&quot;:&quot;0&quot;}\u00bb data-image-title=\u00bbPHOTO-2019-10-17-13-22-41-3&#8243; data-image-description=\u00bb\u00bb data-medium-file=\u00bbhttps:\/\/irse-ebi.org\/wp-content\/uploads\/2019\/10\/PHOTO-2019-10-17-13-22-41-3-300&#215;225.jpg\u00bb data-large-file=\u00bbhttps:\/\/irse-ebi.org\/wp-content\/uploads\/2019\/10\/PHOTO-2019-10-17-13-22-41-3-1024&#215;768.jpg\u00bb width=\u00bb420&#8243; height=\u00bb323&#8243;>\t\t\t\t\t\tvamtam-theme-circle-post\t\t\t\t\t<\/a>\n\t\t\t\t\t\t\t<header>\n\t\t\t\t<h4>\n\t\t\t\t\t<a href=\"https:\/\/irse-ebi.org\/buenas-practicas-en-el-ambito-de-la-asistencia-a-las-victimas-del-delito-en-la-union-europea-mediante-la-aplicacion-de-tecnologias-de-la-informacion\/\" title=\"Buenas pr\u00e1cticas en el \u00e1mbito de la asistencia a las v\u00edctimas del delito en la Uni\u00f3n Europea mediante la aplicaci\u00f3n de tecnolog\u00edas de la informaci\u00f3n\">Buenas pr\u00e1cticas en el \u00e1mbito de la asistencia a las v\u00edctimas del delito en la Uni\u00f3n Europea mediante la aplicaci\u00f3n de tecnolog\u00edas de la informaci\u00f3n<\/a>\n\t\t\t\t<\/h4>\n\t\t<\/header>\n\t<a href=\"https:\/\/irse-ebi.org\/wp-admin\/post.php?post=18442&amp;action=edit&amp;lang=es\">\ue009Edit<\/a>\n\t\t\t\tEl pasado d\u00eda 17 de octubre, nuestra compa\u00f1era del IRSE-EBI Lourdes Lorente particip\u00f3 en el&nbsp;seminario&#8230;\t\t\t\n\t\t\t<a href=\"https:\/\/irse-ebi.org\/buenas-practicas-en-el-ambito-de-la-asistencia-a-las-victimas-del-delito-en-la-union-europea-mediante-la-aplicacion-de-tecnologias-de-la-informacion\/\" target=\"_self\" role=\"button\" rel=\"noopener noreferrer\">\n\t\t\t\tLeer m\u00e1s\n\t\t\t<\/a>\n\t<meta itemprop=\"datePublished\" content=\"2019-10-17\"><meta itemprop=\"dateModified\" content=\"2019-10-17\"><meta itemprop=\"name\" content=\"Irse-ebi\"><meta itemprop=\"url\" content=\"http:\/\/www.irse-ebi.org.mialias.net\"><meta itemprop=\"url\" content=\"https:\/\/irse-ebi.org\/wp-content\/uploads\/2019\/03\/logo-irse.png\"><meta itemprop=\"url\" content=\"https:\/\/irse-ebi.org\/author\/irse_admin\/\"><meta itemprop=\"name\" content=\"irse_admin\"><meta itemprop=\"url\" content=\"https:\/\/irse-ebi.org\/wp-content\/uploads\/2019\/10\/09295588-0196-46b3-af67-5d8d5477bcfd-e1571310400451.jpg\"><meta itemprop=\"width\" content=\"1024\"><meta itemprop=\"height\" content=\"768\"><meta itemprop=\"interactionType\" content=\"http:\/\/schema.org\/CommentAction\"><meta itemprop=\"userInteractionCount\" content=\"0\">\t\n\t\t\t\t\t\t\t\t\t<a href=\"https:\/\/irse-ebi.org\/convenio-de-colaboracion-entre-irse-ebi-y-la-fundacion-warmi-ametsak-suenos-de-mujer\/\" title=\"Convenio de colaboraci\u00f3n entre IRSE-EBI y la Fundaci\u00f3n Warmi Ametsak \u2013 Sue\u00f1os de Mujer\">\n\t\t\t\t\t\t<img decoding=\"async\" src=\"https:\/\/irse-ebi.org\/wp-content\/uploads\/2019\/10\/09295588-0196-46b3-af67-5d8d5477bcfd-e1571310400451-420x323.jpg\" alt=\"\" srcset=\"data:image\/svg+xml;utf8,<svg%20xmlns=&quot;http:\/\/www.w3.org\/2000\/svg&quot;%20viewBox=&quot;0%200%20420%20323&quot;%20height=&quot;323px&quot;%20width=&quot;420px&quot;\/>\u00bb data-srcset=\u00bbhttps:\/\/irse-ebi.org\/wp-content\/uploads\/2019\/10\/09295588-0196-46b3-af67-5d8d5477bcfd-e1571310400451-420&#215;323.jpg 420w, https:\/\/irse-ebi.org\/wp-content\/uploads\/2019\/10\/09295588-0196-46b3-af67-5d8d5477bcfd-e1571310400451-630&#215;484.jpg 630w, https:\/\/irse-ebi.org\/wp-content\/uploads\/2019\/10\/09295588-0196-46b3-af67-5d8d5477bcfd-e1571310400451-840&#215;646.jpg 840w, https:\/\/irse-ebi.org\/wp-content\/uploads\/2019\/10\/09295588-0196-46b3-af67-5d8d5477bcfd-e1571310400451-315&#215;242.jpg 315w\u00bb sizes=\u00bb(min-width: 900px) 50vw, 100vw\u00bb data-attachment-id=\u00bb18435&#8243; data-permalink=\u00bbhttps:\/\/irse-ebi.org\/convenio-de-colaboracion-entre-irse-ebi-y-la-fundacion-warmi-ametsak-suenos-de-mujer\/09295588-0196-46b3-af67-5d8d5477bcfd\/\u00bb data-orig-file=\u00bbhttps:\/\/irse-ebi.org\/wp-content\/uploads\/2019\/10\/09295588-0196-46b3-af67-5d8d5477bcfd-e1571310400451.jpg\u00bb data-orig-size=\u00bb1024,768&#8243; data-comments-opened=\u00bb0&#8243; data-image-meta=\u00bb{&quot;aperture&quot;:&quot;0&quot;,&quot;credit&quot;:&quot;&quot;,&quot;camera&quot;:&quot;&quot;,&quot;caption&quot;:&quot;&quot;,&quot;created_timestamp&quot;:&quot;0&quot;,&quot;copyright&quot;:&quot;&quot;,&quot;focal_length&quot;:&quot;0&quot;,&quot;iso&quot;:&quot;0&quot;,&quot;shutter_speed&quot;:&quot;0&quot;,&quot;title&quot;:&quot;&quot;,&quot;orientation&quot;:&quot;0&quot;}\u00bb data-image-title=\u00bb09295588-0196-46b3-af67-5d8d5477bcfd\u00bb data-image-description=\u00bb\u00bb data-medium-file=\u00bbhttps:\/\/irse-ebi.org\/wp-content\/uploads\/2019\/10\/09295588-0196-46b3-af67-5d8d5477bcfd-e1571310400451-300&#215;225.jpg\u00bb data-large-file=\u00bbhttps:\/\/irse-ebi.org\/wp-content\/uploads\/2019\/10\/09295588-0196-46b3-af67-5d8d5477bcfd-e1571310400451-1024&#215;768.jpg\u00bb width=\u00bb420&#8243; height=\u00bb323&#8243;>\t\t\t\t\t\tvamtam-theme-circle-post\t\t\t\t\t<\/a>\n\t\t\t\t\t\t\t<header>\n\t\t\t\t<h4>\n\t\t\t\t\t<a href=\"https:\/\/irse-ebi.org\/convenio-de-colaboracion-entre-irse-ebi-y-la-fundacion-warmi-ametsak-suenos-de-mujer\/\" title=\"Convenio de colaboraci\u00f3n entre IRSE-EBI y la Fundaci\u00f3n Warmi Ametsak \u2013 Sue\u00f1os de Mujer\">Convenio de colaboraci\u00f3n entre IRSE-EBI y la Fundaci\u00f3n Warmi Ametsak \u2013 Sue\u00f1os de Mujer<\/a>\n\t\t\t\t<\/h4>\n\t\t<\/header>\n\t<a href=\"https:\/\/irse-ebi.org\/wp-admin\/post.php?post=18433&amp;action=edit&amp;lang=es\">\ue009Edit<\/a>\n\t\t\t\tIRSE-EBI y la FUNDACI\u00d3N WARMI AMETSAK \u2013 SUE\u00d1OS DE MUJER han firmado un convenio de&#8230;\t\t\t\n\t\t\t<a href=\"https:\/\/irse-ebi.org\/convenio-de-colaboracion-entre-irse-ebi-y-la-fundacion-warmi-ametsak-suenos-de-mujer\/\" target=\"_self\" role=\"button\" rel=\"noopener noreferrer\">\n\t\t\t\tLeer m\u00e1s\n\t\t\t<\/a>\n\t<meta itemprop=\"datePublished\" content=\"2019-10-14\"><meta itemprop=\"dateModified\" content=\"2019-10-14\"><meta itemprop=\"name\" content=\"Irse-ebi\"><meta itemprop=\"url\" content=\"http:\/\/www.irse-ebi.org.mialias.net\"><meta itemprop=\"url\" content=\"https:\/\/irse-ebi.org\/wp-content\/uploads\/2019\/03\/logo-irse.png\"><meta itemprop=\"url\" content=\"https:\/\/irse-ebi.org\/author\/irse_admin\/\"><meta itemprop=\"name\" content=\"irse_admin\"><meta itemprop=\"url\" content=\"https:\/\/irse-ebi.org\/wp-content\/uploads\/2019\/10\/IMG-20191014-WA00011.jpg\"><meta itemprop=\"width\" content=\"1541\"><meta itemprop=\"height\" content=\"1026\"><meta itemprop=\"interactionType\" content=\"http:\/\/schema.org\/CommentAction\"><meta itemprop=\"userInteractionCount\" content=\"0\">\t\n\t\t\t\t\t\t\t\t\t<a href=\"https:\/\/irse-ebi.org\/el-irse-ebi-crea-una-comision-de-actividades-internacionales-para-ampliar-y-profundizar-en-convenios-de-colaboracion-y-proyectos-con-instituciones-extranjeras\/\" title=\"El IRSE-EBI crea una Comisi\u00f3n de Actividades Internacionales para ampliar y profundizar en convenios de colaboraci\u00f3n y proyectos con instituciones extranjeras\">\n\t\t\t\t\t\t<img decoding=\"async\" src=\"https:\/\/irse-ebi.org\/wp-content\/uploads\/2019\/10\/IMG-20191014-WA00011-420x323.jpg\" alt=\"\" srcset=\"data:image\/svg+xml;utf8,<svg%20xmlns=&quot;http:\/\/www.w3.org\/2000\/svg&quot;%20viewBox=&quot;0%200%20420%20323&quot;%20height=&quot;323px&quot;%20width=&quot;420px&quot;\/>\u00bb data-srcset=\u00bbhttps:\/\/irse-ebi.org\/wp-content\/uploads\/2019\/10\/IMG-20191014-WA00011-420&#215;323.jpg 420w, https:\/\/irse-ebi.org\/wp-content\/uploads\/2019\/10\/IMG-20191014-WA00011-1260&#215;969.jpg 1260w, https:\/\/irse-ebi.org\/wp-content\/uploads\/2019\/10\/IMG-20191014-WA00011-630&#215;484.jpg 630w, https:\/\/irse-ebi.org\/wp-content\/uploads\/2019\/10\/IMG-20191014-WA00011-840&#215;646.jpg 840w, https:\/\/irse-ebi.org\/wp-content\/uploads\/2019\/10\/IMG-20191014-WA00011-315&#215;242.jpg 315w\u00bb sizes=\u00bb(min-width: 900px) 50vw, 100vw\u00bb data-attachment-id=\u00bb18426&#8243; data-permalink=\u00bbhttps:\/\/irse-ebi.org\/el-irse-ebi-crea-una-comision-de-actividades-internacionales-para-ampliar-y-profundizar-en-convenios-de-colaboracion-y-proyectos-con-instituciones-extranjeras\/img-20191014-wa00011\/\u00bb data-orig-file=\u00bbhttps:\/\/irse-ebi.org\/wp-content\/uploads\/2019\/10\/IMG-20191014-WA00011.jpg\u00bb data-orig-size=\u00bb1541,1026&#8243; data-comments-opened=\u00bb0&#8243; data-image-meta=\u00bb{&quot;aperture&quot;:&quot;0&quot;,&quot;credit&quot;:&quot;&quot;,&quot;camera&quot;:&quot;&quot;,&quot;caption&quot;:&quot;&quot;,&quot;created_timestamp&quot;:&quot;0&quot;,&quot;copyright&quot;:&quot;&quot;,&quot;focal_length&quot;:&quot;0&quot;,&quot;iso&quot;:&quot;0&quot;,&quot;shutter_speed&quot;:&quot;0&quot;,&quot;title&quot;:&quot;&quot;,&quot;orientation&quot;:&quot;0&quot;}\u00bb data-image-title=\u00bbIMG-20191014-WA0001[1]\u00bb data-image-description=\u00bb\u00bb data-medium-file=\u00bbhttps:\/\/irse-ebi.org\/wp-content\/uploads\/2019\/10\/IMG-20191014-WA00011-300&#215;200.jpg\u00bb data-large-file=\u00bbhttps:\/\/irse-ebi.org\/wp-content\/uploads\/2019\/10\/IMG-20191014-WA00011-1024&#215;682.jpg\u00bb width=\u00bb420&#8243; height=\u00bb323&#8243;>\t\t\t\t\t\tvamtam-theme-circle-post\t\t\t\t\t<\/a>\n\t\t\t\t\t\t\t<header>\n\t\t\t\t<h4>\n\t\t\t\t\t<a href=\"https:\/\/irse-ebi.org\/el-irse-ebi-crea-una-comision-de-actividades-internacionales-para-ampliar-y-profundizar-en-convenios-de-colaboracion-y-proyectos-con-instituciones-extranjeras\/\" title=\"El IRSE-EBI crea una Comisi\u00f3n de Actividades Internacionales para ampliar y profundizar en convenios de colaboraci\u00f3n y proyectos con instituciones extranjeras\">El IRSE-EBI crea una Comisi\u00f3n de Actividades Internacionales para ampliar y profundizar en convenios de colaboraci\u00f3n y proyectos con instituciones extranjeras<\/a>\n\t\t\t\t<\/h4>\n\t\t<\/header>\n\t<a href=\"https:\/\/irse-ebi.org\/wp-admin\/post.php?post=18425&amp;action=edit&amp;lang=es\">\ue009Edit<\/a>\n\t\t\t\tEl IRSE-EBI ha creado una Comisi\u00f3n de Actividades Internacionales destinada a desarrollar, mantener y ampliar&#8230;\t\t\t\n\t\t\t<a href=\"https:\/\/irse-ebi.org\/el-irse-ebi-crea-una-comision-de-actividades-internacionales-para-ampliar-y-profundizar-en-convenios-de-colaboracion-y-proyectos-con-instituciones-extranjeras\/\" target=\"_self\" role=\"button\" rel=\"noopener noreferrer\">\n\t\t\t\tLeer m\u00e1s\n\t\t\t<\/a>\n\n\n\n<p><\/p>\n","protected":false},"excerpt":{"rendered":"","protected":false},"author":2,"featured_media":0,"parent":0,"menu_order":0,"comment_status":"closed","ping_status":"closed","template":"","meta":{"_kad_blocks_custom_css":"","_kad_blocks_head_custom_js":"","_kad_blocks_body_custom_js":"","_kad_blocks_footer_custom_js":"","_kadence_starter_templates_imported_post":false,"_kad_post_transparent":"","_kad_post_title":"","_kad_post_layout":"","_kad_post_sidebar_id":"","_kad_post_content_style":"","_kad_post_vertical_padding":"","_kad_post_feature":"","_kad_post_feature_position":"","_kad_post_header":false,"_kad_post_footer":false,"_kad_post_classname":"","footnotes":""},"class_list":["post-17009","page","type-page","status-publish","hentry"],"yoast_head":"<!-- This site is optimized with the Yoast SEO plugin v26.9 - https:\/\/yoast.com\/product\/yoast-seo-wordpress\/ -->\n<title>Irse-Ebi Intranet - IRSE-EBI<\/title>\n<meta name=\"robots\" content=\"index, follow, max-snippet:-1, max-image-preview:large, max-video-preview:-1\" \/>\n<link rel=\"canonical\" href=\"https:\/\/irse-ebi.org\/es\/irse-ebi-intranet\/\" \/>\n<meta property=\"og:locale\" content=\"es_ES\" \/>\n<meta property=\"og:type\" content=\"article\" \/>\n<meta property=\"og:title\" content=\"Irse-Ebi Intranet - IRSE-EBI\" \/>\n<meta property=\"og:url\" content=\"https:\/\/irse-ebi.org\/es\/irse-ebi-intranet\/\" \/>\n<meta property=\"og:site_name\" content=\"IRSE-EBI\" \/>\n<meta property=\"article:modified_time\" content=\"2022-05-10T10:24:33+00:00\" \/>\n<meta property=\"og:image\" content=\"https:\/\/irse-ebi.org\/wp-content\/uploads\/2019\/10\/Captura.png\" \/>\n<meta name=\"twitter:card\" content=\"summary_large_image\" \/>\n<meta name=\"twitter:label1\" content=\"Tiempo de lectura\" \/>\n\t<meta name=\"twitter:data1\" content=\"3 minutos\" \/>\n<script type=\"application\/ld+json\" class=\"yoast-schema-graph\">{\"@context\":\"https:\/\/schema.org\",\"@graph\":[{\"@type\":\"WebPage\",\"@id\":\"https:\/\/irse-ebi.org\/es\/irse-ebi-intranet\/\",\"url\":\"https:\/\/irse-ebi.org\/es\/irse-ebi-intranet\/\",\"name\":\"Irse-Ebi Intranet - IRSE-EBI\",\"isPartOf\":{\"@id\":\"https:\/\/irse-ebi.org\/es\/#website\"},\"primaryImageOfPage\":{\"@id\":\"https:\/\/irse-ebi.org\/es\/irse-ebi-intranet\/#primaryimage\"},\"image\":{\"@id\":\"https:\/\/irse-ebi.org\/es\/irse-ebi-intranet\/#primaryimage\"},\"thumbnailUrl\":\"https:\/\/irse-ebi.org\/wp-content\/uploads\/2019\/10\/Captura.png\",\"datePublished\":\"2019-03-04T15:32:00+00:00\",\"dateModified\":\"2022-05-10T10:24:33+00:00\",\"breadcrumb\":{\"@id\":\"https:\/\/irse-ebi.org\/es\/irse-ebi-intranet\/#breadcrumb\"},\"inLanguage\":\"es\",\"potentialAction\":[{\"@type\":\"ReadAction\",\"target\":[\"https:\/\/irse-ebi.org\/es\/irse-ebi-intranet\/\"]}]},{\"@type\":\"ImageObject\",\"inLanguage\":\"es\",\"@id\":\"https:\/\/irse-ebi.org\/es\/irse-ebi-intranet\/#primaryimage\",\"url\":\"https:\/\/irse-ebi.org\/wp-content\/uploads\/2019\/10\/Captura.png\",\"contentUrl\":\"https:\/\/irse-ebi.org\/wp-content\/uploads\/2019\/10\/Captura.png\"},{\"@type\":\"BreadcrumbList\",\"@id\":\"https:\/\/irse-ebi.org\/es\/irse-ebi-intranet\/#breadcrumb\",\"itemListElement\":[{\"@type\":\"ListItem\",\"position\":1,\"name\":\"Inicio\",\"item\":\"https:\/\/irse-ebi.org\/es\/\"},{\"@type\":\"ListItem\",\"position\":2,\"name\":\"Irse-Ebi Intranet\"}]},{\"@type\":\"WebSite\",\"@id\":\"https:\/\/irse-ebi.org\/es\/#website\",\"url\":\"https:\/\/irse-ebi.org\/es\/\",\"name\":\"IRSE-EBI\",\"description\":\"Instituto de Reintegraci\u00f3n Social de Euskadi\",\"publisher\":{\"@id\":\"https:\/\/irse-ebi.org\/es\/#organization\"},\"potentialAction\":[{\"@type\":\"SearchAction\",\"target\":{\"@type\":\"EntryPoint\",\"urlTemplate\":\"https:\/\/irse-ebi.org\/es\/?s={search_term_string}\"},\"query-input\":{\"@type\":\"PropertyValueSpecification\",\"valueRequired\":true,\"valueName\":\"search_term_string\"}}],\"inLanguage\":\"es\"},{\"@type\":\"Organization\",\"@id\":\"https:\/\/irse-ebi.org\/es\/#organization\",\"name\":\"IRSE-EBI\",\"url\":\"https:\/\/irse-ebi.org\/es\/\",\"logo\":{\"@type\":\"ImageObject\",\"inLanguage\":\"es\",\"@id\":\"https:\/\/irse-ebi.org\/es\/#\/schema\/logo\/image\/\",\"url\":\"http:\/\/www.irse-ebi.org.mialias.net\/wp-content\/uploads\/2019\/06\/logo_irse_new200x161-1.png\",\"contentUrl\":\"http:\/\/www.irse-ebi.org.mialias.net\/wp-content\/uploads\/2019\/06\/logo_irse_new200x161-1.png\",\"width\":301,\"height\":161,\"caption\":\"IRSE-EBI\"},\"image\":{\"@id\":\"https:\/\/irse-ebi.org\/es\/#\/schema\/logo\/image\/\"}}]}<\/script>\n<!-- \/ Yoast SEO plugin. -->","yoast_head_json":{"title":"Irse-Ebi Intranet - IRSE-EBI","robots":{"index":"index","follow":"follow","max-snippet":"max-snippet:-1","max-image-preview":"max-image-preview:large","max-video-preview":"max-video-preview:-1"},"canonical":"https:\/\/irse-ebi.org\/es\/irse-ebi-intranet\/","og_locale":"es_ES","og_type":"article","og_title":"Irse-Ebi Intranet - IRSE-EBI","og_url":"https:\/\/irse-ebi.org\/es\/irse-ebi-intranet\/","og_site_name":"IRSE-EBI","article_modified_time":"2022-05-10T10:24:33+00:00","og_image":[{"url":"https:\/\/irse-ebi.org\/wp-content\/uploads\/2019\/10\/Captura.png","type":"","width":"","height":""}],"twitter_card":"summary_large_image","twitter_misc":{"Tiempo de lectura":"3 minutos"},"schema":{"@context":"https:\/\/schema.org","@graph":[{"@type":"WebPage","@id":"https:\/\/irse-ebi.org\/es\/irse-ebi-intranet\/","url":"https:\/\/irse-ebi.org\/es\/irse-ebi-intranet\/","name":"Irse-Ebi Intranet - IRSE-EBI","isPartOf":{"@id":"https:\/\/irse-ebi.org\/es\/#website"},"primaryImageOfPage":{"@id":"https:\/\/irse-ebi.org\/es\/irse-ebi-intranet\/#primaryimage"},"image":{"@id":"https:\/\/irse-ebi.org\/es\/irse-ebi-intranet\/#primaryimage"},"thumbnailUrl":"https:\/\/irse-ebi.org\/wp-content\/uploads\/2019\/10\/Captura.png","datePublished":"2019-03-04T15:32:00+00:00","dateModified":"2022-05-10T10:24:33+00:00","breadcrumb":{"@id":"https:\/\/irse-ebi.org\/es\/irse-ebi-intranet\/#breadcrumb"},"inLanguage":"es","potentialAction":[{"@type":"ReadAction","target":["https:\/\/irse-ebi.org\/es\/irse-ebi-intranet\/"]}]},{"@type":"ImageObject","inLanguage":"es","@id":"https:\/\/irse-ebi.org\/es\/irse-ebi-intranet\/#primaryimage","url":"https:\/\/irse-ebi.org\/wp-content\/uploads\/2019\/10\/Captura.png","contentUrl":"https:\/\/irse-ebi.org\/wp-content\/uploads\/2019\/10\/Captura.png"},{"@type":"BreadcrumbList","@id":"https:\/\/irse-ebi.org\/es\/irse-ebi-intranet\/#breadcrumb","itemListElement":[{"@type":"ListItem","position":1,"name":"Inicio","item":"https:\/\/irse-ebi.org\/es\/"},{"@type":"ListItem","position":2,"name":"Irse-Ebi Intranet"}]},{"@type":"WebSite","@id":"https:\/\/irse-ebi.org\/es\/#website","url":"https:\/\/irse-ebi.org\/es\/","name":"IRSE-EBI","description":"Instituto de Reintegraci\u00f3n Social de Euskadi","publisher":{"@id":"https:\/\/irse-ebi.org\/es\/#organization"},"potentialAction":[{"@type":"SearchAction","target":{"@type":"EntryPoint","urlTemplate":"https:\/\/irse-ebi.org\/es\/?s={search_term_string}"},"query-input":{"@type":"PropertyValueSpecification","valueRequired":true,"valueName":"search_term_string"}}],"inLanguage":"es"},{"@type":"Organization","@id":"https:\/\/irse-ebi.org\/es\/#organization","name":"IRSE-EBI","url":"https:\/\/irse-ebi.org\/es\/","logo":{"@type":"ImageObject","inLanguage":"es","@id":"https:\/\/irse-ebi.org\/es\/#\/schema\/logo\/image\/","url":"http:\/\/www.irse-ebi.org.mialias.net\/wp-content\/uploads\/2019\/06\/logo_irse_new200x161-1.png","contentUrl":"http:\/\/www.irse-ebi.org.mialias.net\/wp-content\/uploads\/2019\/06\/logo_irse_new200x161-1.png","width":301,"height":161,"caption":"IRSE-EBI"},"image":{"@id":"https:\/\/irse-ebi.org\/es\/#\/schema\/logo\/image\/"}}]}},"taxonomy_info":[],"featured_image_src_large":false,"author_info":{"display_name":"Carlos","author_link":"https:\/\/irse-ebi.org\/es\/author\/irse\/"},"comment_info":0,"_links":{"self":[{"href":"https:\/\/irse-ebi.org\/es\/wp-json\/wp\/v2\/pages\/17009","targetHints":{"allow":["GET"]}}],"collection":[{"href":"https:\/\/irse-ebi.org\/es\/wp-json\/wp\/v2\/pages"}],"about":[{"href":"https:\/\/irse-ebi.org\/es\/wp-json\/wp\/v2\/types\/page"}],"author":[{"embeddable":true,"href":"https:\/\/irse-ebi.org\/es\/wp-json\/wp\/v2\/users\/2"}],"replies":[{"embeddable":true,"href":"https:\/\/irse-ebi.org\/es\/wp-json\/wp\/v2\/comments?post=17009"}],"version-history":[{"count":0,"href":"https:\/\/irse-ebi.org\/es\/wp-json\/wp\/v2\/pages\/17009\/revisions"}],"wp:attachment":[{"href":"https:\/\/irse-ebi.org\/es\/wp-json\/wp\/v2\/media?parent=17009"}],"curies":[{"name":"wp","href":"https:\/\/api.w.org\/{rel}","templated":true}]}}