{"id":19690,"date":"2022-11-11T12:19:37","date_gmt":"2022-11-11T11:19:37","guid":{"rendered":"http:\/\/www.irse-ebi.org.mialias.net\/?page_id=19690"},"modified":"2024-05-23T18:26:11","modified_gmt":"2024-05-23T16:26:11","slug":"aviso-legal","status":"publish","type":"page","link":"https:\/\/irse-ebi.org\/es\/aviso-legal\/","title":{"rendered":"Aviso legal"},"content":{"rendered":"<style>.kb-row-layout-wrap.wp-block-kadence-rowlayout.kb-row-layout-id19690_e1a648-52{margin-top:150px;}.kb-row-layout-id19690_e1a648-52 > .kt-row-column-wrap{align-content:start;}:where(.kb-row-layout-id19690_e1a648-52 > .kt-row-column-wrap) > .wp-block-kadence-column{justify-content:start;}.kb-row-layout-id19690_e1a648-52 > .kt-row-column-wrap{column-gap:var(--global-kb-gap-md, 2rem);row-gap:var(--global-kb-gap-md, 2rem);max-width:var( --global-content-width, 1140px );padding-left:var(--global-content-edge-padding);padding-right:var(--global-content-edge-padding);padding-top:24px;padding-bottom:24px;grid-template-columns:minmax(0, 1fr);}.kb-row-layout-id19690_e1a648-52 > .kt-row-layout-overlay{opacity:0.30;}@media all and (max-width: 1024px){.kb-row-layout-id19690_e1a648-52 > .kt-row-column-wrap{grid-template-columns:minmax(0, 1fr);}}@media all and (max-width: 767px){.kb-row-layout-id19690_e1a648-52 > .kt-row-column-wrap{grid-template-columns:minmax(0, 1fr);}}<\/style><div class=\"kb-row-layout-wrap kb-row-layout-id19690_e1a648-52 alignnone wp-block-kadence-rowlayout\"><div class=\"kt-row-column-wrap kt-has-1-columns kt-row-layout-equal kt-tab-layout-inherit kt-mobile-layout-row kt-row-valign-top kb-theme-content-width\">\n<style>.kadence-column19690_81af9e-cf > .kt-inside-inner-col,.kadence-column19690_81af9e-cf > .kt-inside-inner-col:before{border-top-left-radius:0px;border-top-right-radius:0px;border-bottom-right-radius:0px;border-bottom-left-radius:0px;}.kadence-column19690_81af9e-cf > .kt-inside-inner-col{column-gap:var(--global-kb-gap-sm, 1rem);}.kadence-column19690_81af9e-cf > .kt-inside-inner-col{flex-direction:column;}.kadence-column19690_81af9e-cf > .kt-inside-inner-col > .aligncenter{width:100%;}.kadence-column19690_81af9e-cf > .kt-inside-inner-col:before{opacity:0.3;}.kadence-column19690_81af9e-cf{position:relative;}@media all and (max-width: 1024px){.kadence-column19690_81af9e-cf > .kt-inside-inner-col{flex-direction:column;justify-content:center;}}@media all and (max-width: 767px){.kadence-column19690_81af9e-cf > .kt-inside-inner-col{flex-direction:column;justify-content:center;}}<\/style>\n<div class=\"wp-block-kadence-column kadence-column19690_81af9e-cf\"><div class=\"kt-inside-inner-col\">\n<p>ASOCIACI\u00d3N INSTITUTO DE REINTEGRACI\u00d3N SOCIAL DE EUSKADI, EUSKADIKO BIRGIZARTERATZE INSTITUTOA, IRSE-EBI (en adelante IRSE-EBI EUSKADI o el prestador) cumple con los requisitos establecidos en la Ley 34\/2002, de 11 de julio, de Servicios de la Sociedad de la Informaci\u00f3n y Comercio Electr\u00f3nico, y a tal fin ha creado este aviso legal y condiciones de uso que regulan la utilizaci\u00f3n del presente sitio web que IRSE-EBI pone a disposici\u00f3n de los usuarios.<\/p>\n\n\n\n<p>Toda persona que acceda a la presente p\u00e1gina web asume y se compromete a la observancia y cumplimiento en su totalidad de las presentes condiciones, as\u00ed como a cualesquiera otra disposici\u00f3n legal que fuera de aplicaci\u00f3n. La navegaci\u00f3n por la presente p\u00e1gina web implica la perfecta comprensi\u00f3n y la expresa aceptaci\u00f3n de las presentes condiciones por parte del usuario, y las modificaciones que en las mismas se produzcan. IRSE-EBI EUSKADI se reserva el derecho a actualizar, modificar o eliminar el presente aviso legal y condiciones de uso as\u00ed como el resto de textos legales recogidos en la web. Dado que las mismas pueden sufrir modificaciones, te recomendamos que las consultes cada vez que acceda al presente sitio web.<\/p>\n\n\n\n<p>IRSE-EBI EUSKADI se reserva el derecho a suspender, limitar o denegar cualquier intento de acceso al presente Sitio Web en los casos en los que se produzca una utilizaci\u00f3n incorrecta del mismo, o bien cuando se incumplan cualesquiera de las estipulaciones establecidas en el presente aviso legal y condiciones de uso o de cualesquiera otros t\u00e9rminos y condiciones recogidos en el presente Sitio Web.<\/p>\n\n\n\n<h2 class=\"wp-block-heading\">IDENTIFICACI\u00d3N DEL TITULAR DE LA WEB<\/h2>\n\n\n\n<p>El titular del dominio&nbsp;<a href=\"https:\/\/irse-ebi.org\/\" target=\"_blank\" rel=\"noreferrer noopener\">https:\/\/irse-ebi.org<\/a>&nbsp;es la ASOCIACI\u00d3N INSTITUTO DE REINTEGRACION SOCIAL DE EUSKADI, EUSKADIKO BIRGIZARTERATZE INSTITUTOA, IRSE-EBI (IRSE-EBI EUSKADI)<br>Domicilio social en Alameda de Recalde n\u00fam. 27, 3\u00ba dpto. 7 \u2013 48009 Bilbao (Bizkaia)<br>NIF: G48242259<br>Tel\u00e9fono: (34) 944 792 316<br>email:&nbsp;<a href=\"mailto:info@irse-ebi.org\" target=\"_blank\" rel=\"noreferrer noopener\">info@irse-ebi.org<\/a><br>Delegado de Protecci\u00f3n de Datos:&nbsp;<a href=\"mailto:dpd@irse-ebi.org\">dpd@irse-ebi.org<\/a><br>Inscrita en el Registro de Asociaciones de Euskadi N\u00ba Registro: AS\/B\/00657\/1987<\/p>\n\n\n\n<h2 class=\"wp-block-heading\">FINALIDAD DEL SITIO WEB<\/h2>\n\n\n\n<p>IRSE-EBI EUSKADI a trav\u00e9s de la web&nbsp;<a href=\"https:\/\/irse-ebi.org\/\" target=\"_blank\" rel=\"noreferrer noopener\">https:\/\/irse-ebi.org<\/a>&nbsp;proporciona a las personas interesadas informaci\u00f3n relacionada con la Asociaci\u00f3n, su misi\u00f3n y objetivos, as\u00ed como las \u00e1reas de intervenci\u00f3n y otra informaci\u00f3n de inter\u00e9s.<\/p>\n\n\n\n<h2 class=\"wp-block-heading\">CONTENIDOS DE LA WEB<\/h2>\n\n\n\n<p>IRSE-EBI EUSKADI se reserva el derecho de mejorar, modificar o suprimir, unilateralmente y sin previo aviso, el servicio y\/o contenidos del presente Sitio Web.<\/p>\n\n\n\n<p>No se responsabiliza del da\u00f1o o perjuicio que puedan ocasionar dichos contenidos o su veracidad a terceras personas, ni de los contenidos a los que se acceden de forma indirecta trav\u00e9s de enlaces a otros sitios web. IRSE-EBI EUSKADI no asume ninguna responsabilidad sobre los enlaces externos que, en su caso, pudieran incluirse en el presente Sitio Web.<\/p>\n\n\n\n<p>IRSE-EBI EUSKADI se reserva el derecho de efectuar libremente y sin previo aviso las modificaciones que considere oportunas en el presente Sitio Web, pudiendo cambiar, suprimir o a\u00f1adir los contenidos y servicios que se prestan, como la forma en la que \u00e9stos aparecen presentados o localizados, no responsabiliz\u00e1ndose de las consecuencias que esto pueda ocasionar a los usuarios.<\/p>\n\n\n\n<h2 class=\"wp-block-heading\">PROPIEDAD INTELECTUAL E INDUSTRIAL<\/h2>\n\n\n\n<p>Todos los contenidos de la presente p\u00e1gina web, incluyendo sin car\u00e1cter limitativo, textos, gr\u00e1ficos, im\u00e1genes, su dise\u00f1o y los derechos de propiedad intelectual que pudieran corresponder a dichos contenidos, as\u00ed como todas las marcas, nombres comerciales o cualquier otro signo distintivo son propiedad del titular del sitio web, o de sus leg\u00edtimos propietarios, quedando reservados todos los derechos sobre los mismos. Todos los contenidos del sitio web se encuentran debidamente protegidos por la normativa de propiedad intelectual e industrial, as\u00ed como inscritos en los registros p\u00fablicos correspondientes.<\/p>\n\n\n\n<p>Queda prohibido cualquier acto de reproducci\u00f3n de los contenidos, en todo o en parte, en cualquier forma o medio, sea mec\u00e1nico, electr\u00f3nico, reprogr\u00e1fico u otro, as\u00ed como cualquier acto de difusi\u00f3n, comunicaci\u00f3n p\u00fablica o distribuci\u00f3n, sin la previa autorizaci\u00f3n por escrito de IRSE-EBI EUSKADI o de sus leg\u00edtimos propietarios.<\/p>\n\n\n\n<p>Los dise\u00f1os, logotipos, texto y\/o gr\u00e1ficos ajenos a IRSE-EBI EUSKADI y que pudieran aparecer en el sitio web, pertenecen a sus respectivos propietarios, siendo ellos mismos responsables de cualquier posible controversia que pudiera suscitarse respecto a los mismos.<\/p>\n\n\n\n<p>IRSE-EBI EUSKADI no ser\u00e1 responsable de los da\u00f1os o perjuicios que pudieran derivarse de la utilizaci\u00f3n de los contenidos por parte de las personas que acceden al presente sitio web, o de la infracci\u00f3n por parte de los mismos de cualquier disposici\u00f3n legal vigente.<\/p>\n\n\n\n<h2 class=\"wp-block-heading\">PROTECCI\u00d3N DE DATOS DE CAR\u00c1CTER PERSONAL<\/h2>\n\n\n\n<p>El titular de la p\u00e1gina web se compromete a tratar los datos personales del usuario de conformidad con lo establecido en la legislaci\u00f3n vigente en la materia. Concretamente, se compromete a aplicar lo dispuesto en la Ley Org\u00e1nica 3\/2018, de 5 de diciembre, de Protecci\u00f3n de Datos de Car\u00e1cter Personal y garant\u00eda de los derechos digitales, y en el Reglamento (UE) 2016\/679 del Parlamento Europeo y del Consejo de 27 de abril de 2016.<\/p>\n\n\n\n<p>Para m\u00e1s informaci\u00f3n sobre el tratamiento de sus datos personales en la presente p\u00e1gina web, dir\u00edjase al apartado \u201cPol\u00edtica de Privacidad\u201d.<\/p>\n\n\n\n<h2 class=\"wp-block-heading\">COOKIES<\/h2>\n\n\n\n<p>La presente p\u00e1gina web utiliza \u201ccookies\u201d. Usted puede permitir, bloquear o eliminar las cookies instaladas en su equipo mediante la configuraci\u00f3n de las opciones del navegador que utilice en su terminal o dispositivo.<\/p>\n\n\n\n<p>M\u00e1s informaci\u00f3n y posibilidad de cambio de configuraci\u00f3n en el apartado \u201cPol\u00edtica de cookies\u201d<\/p>\n\n\n\n<h2 class=\"wp-block-heading\">RESPONSABILIDAD<\/h2>\n\n\n\n<p>Los usuarios que accedan a la presente web lo har\u00e1n conforme a la Ley, y se obligan en todo momento a no acceder a la misma y a los contenidos de forma contraria a la establecida y\/o con fines il\u00edcitos, lesivos de derechos y libertades de terceros, o que puedan da\u00f1ar, deteriorar, saturar o ralentizar la web, en perjuicio de IRSE-EBI EUSKADI o de terceros. El prestador podr\u00e1 responsabilizar a los usuarios que haciendo un mal uso de la web, causen da\u00f1os o perjuicios a terceras personas.<\/p>\n\n\n\n<p>IRSE-EBI EUSKADI se exime de cualquier tipo de responsabilidad derivada de la informaci\u00f3n publicada en el presente sitio web, siempre que esta informaci\u00f3n haya sido manipulada o introducida por un tercero ajeno al mismo.<\/p>\n\n\n\n<p>En todo caso, IRSE-EBI EUSKADI manifiesta que proceder\u00e1 a la retirada inmediata de cualquier contenido que pudiera contravenir la legislaci\u00f3n nacional o internacional, la moral o el orden p\u00fablico, o en su caso, retirar\u00e1 inmediatamente la redirecci\u00f3n a dicho sitio web, poniendo en conocimiento de las autoridades competentes el contenido en cuesti\u00f3n. En caso de que el usuario considere que existe en el presente sitio web alg\u00fan contenido que pudiera contravenir la legislaci\u00f3n nacional o internacional, la moral o el orden p\u00fablico, se ruega lo notifique de forma inmediata al titular del sitio web.<\/p>\n\n\n\n<p>Este sitio web ha sido revisado y probado para que funcione correctamente. En principio, puede garantizarse el correcto funcionamiento los 365 d\u00edas del a\u00f1o, 24 horas al d\u00eda. No obstante, IRSE-EBI EUSKADI no descarta la posibilidad de que existan ciertos errores de programaci\u00f3n, o que acontezcan causas de fuerza mayor o circunstancias semejantes que hagan imposible el acceso a la presente p\u00e1gina web.<\/p>\n\n\n\n<h2 class=\"wp-block-heading\">MENORES DE EDAD<\/h2>\n\n\n\n<p>La plena responsabilidad respecto de los contenidos y\/o servicios a los que acceden los menores de edad corresponde a las personas a cuyo cargo se encuentran.<\/p>\n\n\n\n<h2 class=\"wp-block-heading\">DIRECCIONES IP<\/h2>\n\n\n\n<p>Los servidores del presente sitio web podr\u00e1n detectar de manera autom\u00e1tica la direcci\u00f3n IP y el nombre de dominio utilizados por el usuario. Una direcci\u00f3n IP es un n\u00famero asignado autom\u00e1ticamente a un ordenador cuando \u00e9sta se conecta a Internet. Toda esta informaci\u00f3n es registrada en un fichero de actividad del servidor, que permite el posterior procesamiento de los datos, con el fin de obtener mediciones \u00fanicamente estad\u00edsticas, que permitan conocer el n\u00famero de impresiones de p\u00e1ginas, el n\u00famero de visitas realizadas a los servicios web, el orden de visitas, el punto de acceso, etc.<\/p>\n\n\n\n<h2 class=\"wp-block-heading\">ENLACES<\/h2>\n\n\n\n<p>IRSE-EBI EUSKADI se reserva el derecho de retirar cualquier enlace, en cuanto tenga conocimiento de la ilicitud de su contenido o de que el mismo lesione bienes o derechos de terceros.<\/p>\n\n\n\n<p>No se hace responsable de la fiabilidad y rapidez de los hiperenlaces que se incorporen en la web para la apertura de otras y no garantiza la utilidad de estos enlaces, ni se responsabiliza de los contenidos o servicios a los que puedan acceder los usuarios por medio de estos enlaces, ni del buen funcionamiento de estas webs.<\/p>\n\n\n\n<h2 class=\"wp-block-heading\">SEGURIDAD<\/h2>\n\n\n\n<p>El sitio web utiliza t\u00e9cnicas de seguridad de la informaci\u00f3n generalmente aceptadas en la industria, tales como firewalls, procedimientos de control de acceso y mecanismos criptogr\u00e1ficos, todo ello con el objeto de evitar el acceso no autorizado a los datos y evitar incidencias en la seguridad de la informaci\u00f3n.<\/p>\n\n\n\n<p>Del mismo modo, IRSE-EBI EUSKADI ha adoptado todas las medidas t\u00e9cnicas y de organizaci\u00f3n necesarias para garantizar la seguridad e integridad de la informaci\u00f3n y de los datos de car\u00e1cter personal que trate, as\u00ed como para evitar su p\u00e9rdida, alteraci\u00f3n y\/o acceso por parte de terceros no autorizados.<\/p>\n\n\n\n<p>Es responsabilidad del usuario adoptar todas las medidas t\u00e9cnicas adecuadas para controlar razonablemente las amenazas y, entre ellas, tener sistemas actualizados de detecci\u00f3n de software malicioso, tales como virus, troyanos, etc., as\u00ed como tener actualizados los parches de seguridad de su sistema operativo y de los navegadores que utilice para acceder a Internet.<\/p>\n\n\n\n<h2 class=\"wp-block-heading\">NULIDAD O ANULABILIDAD<\/h2>\n\n\n\n<p>La declaraci\u00f3n de cualquiera de estas estipulaciones como nula, inv\u00e1lida o ineficaz, en su totalidad o en parte, no afectar\u00e1 a la validez o eficacia de las restantes, que permanecer\u00e1n siendo vinculantes para IRSE-EBI EUSKADI y el usuario.<\/p>\n\n\n\n<h2 class=\"wp-block-heading\">LEY APLICABLE<\/h2>\n\n\n\n<p>Las presentes condiciones se rigen y se interpretar\u00e1n en todos y cada uno de sus extremos por la ley espa\u00f1ola.<\/p>\n\n\n\n<p>Versi\u00f3n: octubre 2022<\/p>\n<\/div><\/div>\n\n<\/div><\/div>","protected":false},"excerpt":{"rendered":"<p>ASOCIACI\u00d3N INSTITUTO DE REINTEGRACI\u00d3N SOCIAL DE EUSKADI, EUSKADIKO BIRGIZARTERATZE INSTITUTOA, IRSE-EBI (en adelante IRSE-EBI EUSKADI o el prestador) cumple con los requisitos establecidos en la Ley 34\/2002, de 11 de julio, de Servicios de la Sociedad de la Informaci\u00f3n y Comercio Electr\u00f3nico, y a tal fin ha creado este aviso legal y condiciones de uso&#8230;<\/p>\n","protected":false},"author":2,"featured_media":0,"parent":0,"menu_order":0,"comment_status":"closed","ping_status":"closed","template":"","meta":{"_kad_blocks_custom_css":"","_kad_blocks_head_custom_js":"","_kad_blocks_body_custom_js":"","_kad_blocks_footer_custom_js":"","_kadence_starter_templates_imported_post":false,"_kad_post_transparent":"","_kad_post_title":"","_kad_post_layout":"","_kad_post_sidebar_id":"","_kad_post_content_style":"","_kad_post_vertical_padding":"","_kad_post_feature":"","_kad_post_feature_position":"","_kad_post_header":false,"_kad_post_footer":false,"_kad_post_classname":"","footnotes":""},"class_list":["post-19690","page","type-page","status-publish","hentry"],"yoast_head":"<!-- This site is optimized with the Yoast SEO plugin v26.9 - https:\/\/yoast.com\/product\/yoast-seo-wordpress\/ -->\n<title>Aviso legal - IRSE-EBI<\/title>\n<meta name=\"robots\" content=\"index, follow, max-snippet:-1, max-image-preview:large, max-video-preview:-1\" \/>\n<link rel=\"canonical\" href=\"https:\/\/irse-ebi.org\/es\/aviso-legal\/\" \/>\n<meta property=\"og:locale\" content=\"es_ES\" \/>\n<meta property=\"og:type\" content=\"article\" \/>\n<meta property=\"og:title\" content=\"Aviso legal - IRSE-EBI\" \/>\n<meta property=\"og:description\" content=\"ASOCIACI\u00d3N INSTITUTO DE REINTEGRACI\u00d3N SOCIAL DE EUSKADI, EUSKADIKO BIRGIZARTERATZE INSTITUTOA, IRSE-EBI (en adelante IRSE-EBI EUSKADI o el prestador) cumple con los requisitos establecidos en la Ley 34\/2002, de 11 de julio, de Servicios de la Sociedad de la Informaci\u00f3n y Comercio Electr\u00f3nico, y a tal fin ha creado este aviso legal y condiciones de uso...\" \/>\n<meta property=\"og:url\" content=\"https:\/\/irse-ebi.org\/es\/aviso-legal\/\" \/>\n<meta property=\"og:site_name\" content=\"IRSE-EBI\" \/>\n<meta property=\"article:modified_time\" content=\"2024-05-23T16:26:11+00:00\" \/>\n<meta name=\"twitter:card\" content=\"summary_large_image\" \/>\n<meta name=\"twitter:label1\" content=\"Tiempo de lectura\" \/>\n\t<meta name=\"twitter:data1\" content=\"25 minutos\" \/>\n<script type=\"application\/ld+json\" class=\"yoast-schema-graph\">{\"@context\":\"https:\/\/schema.org\",\"@graph\":[{\"@type\":\"WebPage\",\"@id\":\"https:\/\/irse-ebi.org\/es\/aviso-legal\/\",\"url\":\"https:\/\/irse-ebi.org\/es\/aviso-legal\/\",\"name\":\"Aviso legal - IRSE-EBI\",\"isPartOf\":{\"@id\":\"https:\/\/irse-ebi.org\/es\/#website\"},\"datePublished\":\"2022-11-11T11:19:37+00:00\",\"dateModified\":\"2024-05-23T16:26:11+00:00\",\"breadcrumb\":{\"@id\":\"https:\/\/irse-ebi.org\/es\/aviso-legal\/#breadcrumb\"},\"inLanguage\":\"es\",\"potentialAction\":[{\"@type\":\"ReadAction\",\"target\":[\"https:\/\/irse-ebi.org\/es\/aviso-legal\/\"]}]},{\"@type\":\"BreadcrumbList\",\"@id\":\"https:\/\/irse-ebi.org\/es\/aviso-legal\/#breadcrumb\",\"itemListElement\":[{\"@type\":\"ListItem\",\"position\":1,\"name\":\"Inicio\",\"item\":\"https:\/\/irse-ebi.org\/es\/\"},{\"@type\":\"ListItem\",\"position\":2,\"name\":\"Aviso legal\"}]},{\"@type\":\"WebSite\",\"@id\":\"https:\/\/irse-ebi.org\/es\/#website\",\"url\":\"https:\/\/irse-ebi.org\/es\/\",\"name\":\"IRSE-EBI\",\"description\":\"Instituto de Reintegraci\u00f3n Social de Euskadi\",\"publisher\":{\"@id\":\"https:\/\/irse-ebi.org\/es\/#organization\"},\"potentialAction\":[{\"@type\":\"SearchAction\",\"target\":{\"@type\":\"EntryPoint\",\"urlTemplate\":\"https:\/\/irse-ebi.org\/es\/?s={search_term_string}\"},\"query-input\":{\"@type\":\"PropertyValueSpecification\",\"valueRequired\":true,\"valueName\":\"search_term_string\"}}],\"inLanguage\":\"es\"},{\"@type\":\"Organization\",\"@id\":\"https:\/\/irse-ebi.org\/es\/#organization\",\"name\":\"IRSE-EBI\",\"url\":\"https:\/\/irse-ebi.org\/es\/\",\"logo\":{\"@type\":\"ImageObject\",\"inLanguage\":\"es\",\"@id\":\"https:\/\/irse-ebi.org\/es\/#\/schema\/logo\/image\/\",\"url\":\"http:\/\/www.irse-ebi.org.mialias.net\/wp-content\/uploads\/2019\/06\/logo_irse_new200x161-1.png\",\"contentUrl\":\"http:\/\/www.irse-ebi.org.mialias.net\/wp-content\/uploads\/2019\/06\/logo_irse_new200x161-1.png\",\"width\":301,\"height\":161,\"caption\":\"IRSE-EBI\"},\"image\":{\"@id\":\"https:\/\/irse-ebi.org\/es\/#\/schema\/logo\/image\/\"}}]}<\/script>\n<!-- \/ Yoast SEO plugin. -->","yoast_head_json":{"title":"Aviso legal - IRSE-EBI","robots":{"index":"index","follow":"follow","max-snippet":"max-snippet:-1","max-image-preview":"max-image-preview:large","max-video-preview":"max-video-preview:-1"},"canonical":"https:\/\/irse-ebi.org\/es\/aviso-legal\/","og_locale":"es_ES","og_type":"article","og_title":"Aviso legal - IRSE-EBI","og_description":"ASOCIACI\u00d3N INSTITUTO DE REINTEGRACI\u00d3N SOCIAL DE EUSKADI, EUSKADIKO BIRGIZARTERATZE INSTITUTOA, IRSE-EBI (en adelante IRSE-EBI EUSKADI o el prestador) cumple con los requisitos establecidos en la Ley 34\/2002, de 11 de julio, de Servicios de la Sociedad de la Informaci\u00f3n y Comercio Electr\u00f3nico, y a tal fin ha creado este aviso legal y condiciones de uso...","og_url":"https:\/\/irse-ebi.org\/es\/aviso-legal\/","og_site_name":"IRSE-EBI","article_modified_time":"2024-05-23T16:26:11+00:00","twitter_card":"summary_large_image","twitter_misc":{"Tiempo de lectura":"25 minutos"},"schema":{"@context":"https:\/\/schema.org","@graph":[{"@type":"WebPage","@id":"https:\/\/irse-ebi.org\/es\/aviso-legal\/","url":"https:\/\/irse-ebi.org\/es\/aviso-legal\/","name":"Aviso legal - IRSE-EBI","isPartOf":{"@id":"https:\/\/irse-ebi.org\/es\/#website"},"datePublished":"2022-11-11T11:19:37+00:00","dateModified":"2024-05-23T16:26:11+00:00","breadcrumb":{"@id":"https:\/\/irse-ebi.org\/es\/aviso-legal\/#breadcrumb"},"inLanguage":"es","potentialAction":[{"@type":"ReadAction","target":["https:\/\/irse-ebi.org\/es\/aviso-legal\/"]}]},{"@type":"BreadcrumbList","@id":"https:\/\/irse-ebi.org\/es\/aviso-legal\/#breadcrumb","itemListElement":[{"@type":"ListItem","position":1,"name":"Inicio","item":"https:\/\/irse-ebi.org\/es\/"},{"@type":"ListItem","position":2,"name":"Aviso legal"}]},{"@type":"WebSite","@id":"https:\/\/irse-ebi.org\/es\/#website","url":"https:\/\/irse-ebi.org\/es\/","name":"IRSE-EBI","description":"Instituto de Reintegraci\u00f3n Social de Euskadi","publisher":{"@id":"https:\/\/irse-ebi.org\/es\/#organization"},"potentialAction":[{"@type":"SearchAction","target":{"@type":"EntryPoint","urlTemplate":"https:\/\/irse-ebi.org\/es\/?s={search_term_string}"},"query-input":{"@type":"PropertyValueSpecification","valueRequired":true,"valueName":"search_term_string"}}],"inLanguage":"es"},{"@type":"Organization","@id":"https:\/\/irse-ebi.org\/es\/#organization","name":"IRSE-EBI","url":"https:\/\/irse-ebi.org\/es\/","logo":{"@type":"ImageObject","inLanguage":"es","@id":"https:\/\/irse-ebi.org\/es\/#\/schema\/logo\/image\/","url":"http:\/\/www.irse-ebi.org.mialias.net\/wp-content\/uploads\/2019\/06\/logo_irse_new200x161-1.png","contentUrl":"http:\/\/www.irse-ebi.org.mialias.net\/wp-content\/uploads\/2019\/06\/logo_irse_new200x161-1.png","width":301,"height":161,"caption":"IRSE-EBI"},"image":{"@id":"https:\/\/irse-ebi.org\/es\/#\/schema\/logo\/image\/"}}]}},"taxonomy_info":[],"featured_image_src_large":false,"author_info":{"display_name":"Carlos","author_link":"https:\/\/irse-ebi.org\/es\/author\/irse\/"},"comment_info":0,"_links":{"self":[{"href":"https:\/\/irse-ebi.org\/es\/wp-json\/wp\/v2\/pages\/19690","targetHints":{"allow":["GET"]}}],"collection":[{"href":"https:\/\/irse-ebi.org\/es\/wp-json\/wp\/v2\/pages"}],"about":[{"href":"https:\/\/irse-ebi.org\/es\/wp-json\/wp\/v2\/types\/page"}],"author":[{"embeddable":true,"href":"https:\/\/irse-ebi.org\/es\/wp-json\/wp\/v2\/users\/2"}],"replies":[{"embeddable":true,"href":"https:\/\/irse-ebi.org\/es\/wp-json\/wp\/v2\/comments?post=19690"}],"version-history":[{"count":5,"href":"https:\/\/irse-ebi.org\/es\/wp-json\/wp\/v2\/pages\/19690\/revisions"}],"predecessor-version":[{"id":21327,"href":"https:\/\/irse-ebi.org\/es\/wp-json\/wp\/v2\/pages\/19690\/revisions\/21327"}],"wp:attachment":[{"href":"https:\/\/irse-ebi.org\/es\/wp-json\/wp\/v2\/media?parent=19690"}],"curies":[{"name":"wp","href":"https:\/\/api.w.org\/{rel}","templated":true}]}}