{"id":3,"date":"2019-03-01T18:44:10","date_gmt":"2019-03-01T17:44:10","guid":{"rendered":"http:\/\/www.irse-ebi.org.mialias.net\/?page_id=3"},"modified":"2025-03-19T11:44:24","modified_gmt":"2025-03-19T10:44:24","slug":"politica-de-privacidad","status":"publish","type":"page","link":"https:\/\/irse-ebi.org\/es\/politica-de-privacidad\/","title":{"rendered":"Pol\u00edtica de privacidad"},"content":{"rendered":"<style>.kb-row-layout-wrap.wp-block-kadence-rowlayout.kb-row-layout-id3_578b46-b8{margin-top:150px;}.kb-row-layout-id3_578b46-b8 > .kt-row-column-wrap{align-content:start;}:where(.kb-row-layout-id3_578b46-b8 > .kt-row-column-wrap) > .wp-block-kadence-column{justify-content:start;}.kb-row-layout-id3_578b46-b8 > .kt-row-column-wrap{column-gap:var(--global-kb-gap-md, 2rem);row-gap:var(--global-kb-gap-md, 2rem);max-width:var( --global-content-width, 1140px );padding-left:var(--global-content-edge-padding);padding-right:var(--global-content-edge-padding);padding-top:24px;padding-bottom:24px;grid-template-columns:minmax(0, 1fr);}.kb-row-layout-id3_578b46-b8 > .kt-row-layout-overlay{opacity:0.30;}@media all and (max-width: 1024px){.kb-row-layout-id3_578b46-b8 > .kt-row-column-wrap{grid-template-columns:minmax(0, 1fr);}}@media all and (max-width: 767px){.kb-row-layout-id3_578b46-b8 > .kt-row-column-wrap{grid-template-columns:minmax(0, 1fr);}}<\/style><div class=\"kb-row-layout-wrap kb-row-layout-id3_578b46-b8 alignnone wp-block-kadence-rowlayout\"><div class=\"kt-row-column-wrap kt-has-1-columns kt-row-layout-equal kt-tab-layout-inherit kt-mobile-layout-row kt-row-valign-top kb-theme-content-width\">\n<style>.kadence-column3_3aa3be-e9 > .kt-inside-inner-col,.kadence-column3_3aa3be-e9 > .kt-inside-inner-col:before{border-top-left-radius:0px;border-top-right-radius:0px;border-bottom-right-radius:0px;border-bottom-left-radius:0px;}.kadence-column3_3aa3be-e9 > .kt-inside-inner-col{column-gap:var(--global-kb-gap-sm, 1rem);}.kadence-column3_3aa3be-e9 > .kt-inside-inner-col{flex-direction:column;}.kadence-column3_3aa3be-e9 > .kt-inside-inner-col > .aligncenter{width:100%;}.kadence-column3_3aa3be-e9 > .kt-inside-inner-col:before{opacity:0.3;}.kadence-column3_3aa3be-e9{position:relative;}@media all and (max-width: 1024px){.kadence-column3_3aa3be-e9 > .kt-inside-inner-col{flex-direction:column;justify-content:center;}}@media all and (max-width: 767px){.kadence-column3_3aa3be-e9 > .kt-inside-inner-col{flex-direction:column;justify-content:center;}}<\/style>\n<div class=\"wp-block-kadence-column kadence-column3_3aa3be-e9\"><div class=\"kt-inside-inner-col\"><h1 style=\"padding-top:0;padding-bottom:0;margin-top:0;margin-bottom:0;\" class=\"wp-block-post-title\">Pol\u00edtica de privacidad<\/h1>\n\n<style>.wp-block-kadence-spacer.kt-block-spacer-3_617bff-23 .kt-block-spacer{height:60px;}.wp-block-kadence-spacer.kt-block-spacer-3_617bff-23 .kt-divider{border-top-width:1px;height:1px;border-top-color:#eee;width:80%;border-top-style:solid;}<\/style>\n<div class=\"wp-block-kadence-spacer aligncenter kt-block-spacer-3_617bff-23\"><div class=\"kt-block-spacer kt-block-spacer-halign-center\"><hr class=\"kt-divider\"\/><\/div><\/div>\n\n\n\n<h2 class=\"wp-block-heading\"><strong>\u00bfQui\u00e9n es el responsable del tratamiento de tus datos personales?<\/strong><\/h2>\n\n\n\n<p>ASOCIACI\u00d3N INSTITUTO DE REINTEGRACI\u00d3N SOCIAL DE EUSKADI, EUSKADIKO BIRGIZARTERATZE INSTITUTOA, IRSE-EBI es el RESPONSABLE del tratamiento de los datos personales del USUARIO y le informa de que estos datos ser\u00e1n tratados de conformidad con lo dispuesto en el Reglamento (UE) 2016\/679, de 27 de abril (GDPR), y la Ley Org\u00e1nica 3\/2018, de 5 de diciembre (LOPDGDD).<\/p>\n\n\n\n<h2 class=\"wp-block-heading\"><strong>\u00bfPara qu\u00e9 tratamos tus datos personales y con qu\u00e9 finalidad?<\/strong><\/h2>\n\n\n\n<p>Tratamos tus datos personales de manera confidencial para los siguientes fines, dependiendo del origen de los mismos (formularios, comunicaciones directas, interacciones en nuestra web u otros medios):<\/p>\n\n\n\n<p>\u2022 Para mantener una relaci\u00f3n contigo como usuario.<\/p>\n\n\n\n<p>\u2022 Realizar estudios de mercado y an\u00e1lisis estad\u00edsticos.<\/p>\n\n\n\n<p>\u2022 Tramitar encargos, solicitudes, dar respuesta a las consultas o cualquier tipo de petici\u00f3n que sea realizada por el usuario a trav\u00e9s de cualquiera de las formas de contacto que se ponen a su disposici\u00f3n en la p\u00e1gina web del Responsable.<\/p>\n\n\n\n<p>\u2022 Gestionar su candidatura para los procesos de selecci\u00f3n de personal.<\/p>\n\n\n\n<p>\u2022 Remitir el bolet\u00edn informativo online, sobre novedades y promociones en nuestra actividad.<\/p>\n\n\n\n<h2 class=\"wp-block-heading\"><strong>\u00bfPor qu\u00e9 motivo podemos tratar tus datos personales?<\/strong><\/h2>\n\n\n\n<p>Porque el tratamiento est\u00e1 legitimado por el art\u00edculo 6 del RGPD de la siguiente forma:<\/p>\n\n\n\n<p>\u2022 Con el consentimiento del usuario: remisi\u00f3n de comunicaciones comerciales y del bolet\u00edn informativo.<\/p>\n\n\n\n<p>\u2022 Por inter\u00e9s leg\u00edtimo del Responsable: realizar estudios de mercado, an\u00e1lisis estad\u00edsticos, etc. y tramitar encargos, solicitudes, etc. a petici\u00f3n del usuario.<\/p>\n\n\n\n<h2 class=\"wp-block-heading\"><strong>\u00bfDurante cu\u00e1nto tiempo guardaremos tus datos personales?<\/strong><\/h2>\n\n\n\n<p>Se conservar\u00e1n durante no m\u00e1s tiempo del necesario para mantener el fin del tratamiento o existan prescripciones legales que dictaminen su custodia y cuando ya no sea necesario para ello, se suprimir\u00e1n con medidas de seguridad adecuadas para garantizar la anonimizaci\u00f3n de los datos o la destrucci\u00f3n total de los mismos.<\/p>\n\n\n\n<h2 class=\"wp-block-heading\"><strong>\u00bfA qui\u00e9n facilitamos tus datos personales?<\/strong><\/h2>\n\n\n\n<p>No est\u00e1 prevista ninguna comunicaci\u00f3n de datos personales a terceros salvo, si fuese necesario para el desarrollo y ejecuci\u00f3n de las finalidades del tratamiento, a nuestros proveedores de servicios relacionados con comunicaciones, con los cuales el RESPONSABLE tiene suscritos los contratos de confidencialidad y de encargado de tratamiento exigidos por la normativa vigente de privacidad.<\/p>\n\n\n\n<h2 class=\"wp-block-heading\"><strong>\u00bfCu\u00e1les son tus derechos?<\/strong><\/h2>\n\n\n\n<p>\u2022 Derecho a retirar el consentimiento en cualquier momento.<\/p>\n\n\n\n<p>Los derechos que asisten al USUARIO son:<\/p>\n\n\n\n<p>\u2022 Derecho de acceso, rectificaci\u00f3n, portabilidad y supresi\u00f3n de sus datos, y de limitaci\u00f3n u oposici\u00f3n a su tratamiento.<\/p>\n\n\n\n<p>\u2022 Derecho a presentar una reclamaci\u00f3n ante la autoridad de control (www.aepd.es) si considera que el tratamiento no se ajusta a la normativa vigente.<\/p>\n\n\n\n<p>Datos de contacto para ejercer sus derechos: ASOCIACI\u00d3N INSTITUTO DE REINTEGRACI\u00d3N SOCIAL DE EUSKADI, EUSKADIKO BIRGIZARTERATZE INSTITUTOA, IRSE-EBI. Alameda de Recalde, 27 &#8211; 48009 Bilbao (Vizcaya). E-mail: info@irse-ebi.org Contacto Delegado\/a de Protecci\u00f3n de Datos: dpd@irse-ebi.org<\/p>\n\n\n\n<h2 class=\"wp-block-heading\"><strong>MEDIDAS DE SEGURIDAD<\/strong><\/h2>\n\n\n\n<p>De conformidad con lo dispuesto en las normativas vigentes en protecci\u00f3n de datos personales, el Responsable est\u00e1 cumpliendo con todas las disposiciones de las normativas RGPD y LOPDGDD para el tratamiento de los datos personales de su responsabilidad, y manifiestamente con los principios descritos en el art\u00edculo 5 del GDPR, por los cuales son tratados de manera l\u00edcita, leal y transparente en relaci\u00f3n con el interesado y adecuados, pertinentes y limitados a lo necesario en relaci\u00f3n con los fines para los que son tratados. El Responsable garantiza que ha implementado pol\u00edticas t\u00e9cnicas y organizativas apropiadas para aplicar las medidas de seguridad que establecen el RGPD y la LOPDGDD con el fin de proteger los derechos y libertades de los usuarios y les ha comunicado la informaci\u00f3n adecuada para que puedan ejercerlos.<\/p>\n\n\n\n<h2 class=\"wp-block-heading\"><strong>\u00bfPuede modificarse la pol\u00edtica de privacidad?<\/strong><\/h2>\n\n\n\n<p>Esta pol\u00edtica de privacidad puede modificarse. Te recomendamos que revise la pol\u00edtica de privacidad con cierta periodicidad.<\/p>\n\n\n\n<p>Versi\u00f3n: marzo 2025<\/p>\n<\/div><\/div>\n\n<\/div><\/div>\n\n<style>.kadence-column3_e66823-20 > .kt-inside-inner-col,.kadence-column3_e66823-20 > .kt-inside-inner-col:before{border-top-left-radius:0px;border-top-right-radius:0px;border-bottom-right-radius:0px;border-bottom-left-radius:0px;}.kadence-column3_e66823-20 > .kt-inside-inner-col{column-gap:var(--global-kb-gap-sm, 1rem);}.kadence-column3_e66823-20 > .kt-inside-inner-col{flex-direction:column;}.kadence-column3_e66823-20 > .kt-inside-inner-col > .aligncenter{width:100%;}.kadence-column3_e66823-20 > .kt-inside-inner-col:before{opacity:0.3;}.kadence-column3_e66823-20{position:relative;}@media all and (max-width: 1024px){.kadence-column3_e66823-20 > .kt-inside-inner-col{flex-direction:column;justify-content:center;}}@media all and (max-width: 767px){.kadence-column3_e66823-20 > .kt-inside-inner-col{flex-direction:column;justify-content:center;}}<\/style>\n<div class=\"wp-block-kadence-column kadence-column3_e66823-20\"><div class=\"kt-inside-inner-col\">\n<p><\/p>\n<\/div><\/div>\n\n\n<style>.wp-block-kadence-spacer.kt-block-spacer-3_94978b-a9 .kt-block-spacer{height:60px;}.wp-block-kadence-spacer.kt-block-spacer-3_94978b-a9 .kt-divider{border-top-width:1px;height:1px;border-top-color:#eee;width:80%;border-top-style:solid;}<\/style>\n<div class=\"wp-block-kadence-spacer aligncenter kt-block-spacer-3_94978b-a9\"><div class=\"kt-block-spacer kt-block-spacer-halign-center\"><hr class=\"kt-divider\"\/><\/div><\/div>\n","protected":false},"excerpt":{"rendered":"<p>\u00bfQui\u00e9n es el responsable del tratamiento de tus datos personales? ASOCIACI\u00d3N INSTITUTO DE REINTEGRACI\u00d3N SOCIAL DE EUSKADI, EUSKADIKO BIRGIZARTERATZE INSTITUTOA, IRSE-EBI es el RESPONSABLE del tratamiento de los datos personales del USUARIO y le informa de que estos datos ser\u00e1n tratados de conformidad con lo dispuesto en el Reglamento (UE) 2016\/679, de 27 de abril&#8230;<\/p>\n","protected":false},"author":2,"featured_media":0,"parent":0,"menu_order":0,"comment_status":"closed","ping_status":"closed","template":"","meta":{"_kad_blocks_custom_css":"","_kad_blocks_head_custom_js":"","_kad_blocks_body_custom_js":"","_kad_blocks_footer_custom_js":"","_kadence_starter_templates_imported_post":false,"_kad_post_transparent":"","_kad_post_title":"","_kad_post_layout":"","_kad_post_sidebar_id":"","_kad_post_content_style":"","_kad_post_vertical_padding":"","_kad_post_feature":"","_kad_post_feature_position":"","_kad_post_header":false,"_kad_post_footer":false,"_kad_post_classname":"","footnotes":""},"class_list":["post-3","page","type-page","status-publish","hentry"],"yoast_head":"<!-- This site is optimized with the Yoast SEO plugin v26.9 - https:\/\/yoast.com\/product\/yoast-seo-wordpress\/ -->\n<title>Pol\u00edtica de privacidad - IRSE-EBI<\/title>\n<meta name=\"robots\" content=\"index, follow, max-snippet:-1, max-image-preview:large, max-video-preview:-1\" \/>\n<link rel=\"canonical\" href=\"https:\/\/irse-ebi.org\/es\/politica-de-privacidad\/\" \/>\n<meta property=\"og:locale\" content=\"es_ES\" \/>\n<meta property=\"og:type\" content=\"article\" \/>\n<meta property=\"og:title\" content=\"Pol\u00edtica de privacidad - IRSE-EBI\" \/>\n<meta property=\"og:description\" content=\"\u00bfQui\u00e9n es el responsable del tratamiento de tus datos personales? ASOCIACI\u00d3N INSTITUTO DE REINTEGRACI\u00d3N SOCIAL DE EUSKADI, EUSKADIKO BIRGIZARTERATZE INSTITUTOA, IRSE-EBI es el RESPONSABLE del tratamiento de los datos personales del USUARIO y le informa de que estos datos ser\u00e1n tratados de conformidad con lo dispuesto en el Reglamento (UE) 2016\/679, de 27 de abril...\" \/>\n<meta property=\"og:url\" content=\"https:\/\/irse-ebi.org\/es\/politica-de-privacidad\/\" \/>\n<meta property=\"og:site_name\" content=\"IRSE-EBI\" \/>\n<meta property=\"article:modified_time\" content=\"2025-03-19T10:44:24+00:00\" \/>\n<meta name=\"twitter:card\" content=\"summary_large_image\" \/>\n<meta name=\"twitter:label1\" content=\"Tiempo de lectura\" \/>\n\t<meta name=\"twitter:data1\" content=\"3 minutos\" \/>\n<script type=\"application\/ld+json\" class=\"yoast-schema-graph\">{\"@context\":\"https:\/\/schema.org\",\"@graph\":[{\"@type\":\"WebPage\",\"@id\":\"https:\/\/irse-ebi.org\/es\/politica-de-privacidad\/\",\"url\":\"https:\/\/irse-ebi.org\/es\/politica-de-privacidad\/\",\"name\":\"Pol\u00edtica de privacidad - IRSE-EBI\",\"isPartOf\":{\"@id\":\"https:\/\/irse-ebi.org\/es\/#website\"},\"datePublished\":\"2019-03-01T17:44:10+00:00\",\"dateModified\":\"2025-03-19T10:44:24+00:00\",\"breadcrumb\":{\"@id\":\"https:\/\/irse-ebi.org\/es\/politica-de-privacidad\/#breadcrumb\"},\"inLanguage\":\"es\",\"potentialAction\":[{\"@type\":\"ReadAction\",\"target\":[\"https:\/\/irse-ebi.org\/es\/politica-de-privacidad\/\"]}]},{\"@type\":\"BreadcrumbList\",\"@id\":\"https:\/\/irse-ebi.org\/es\/politica-de-privacidad\/#breadcrumb\",\"itemListElement\":[{\"@type\":\"ListItem\",\"position\":1,\"name\":\"Inicio\",\"item\":\"https:\/\/irse-ebi.org\/es\/\"},{\"@type\":\"ListItem\",\"position\":2,\"name\":\"Pol\u00edtica de privacidad\"}]},{\"@type\":\"WebSite\",\"@id\":\"https:\/\/irse-ebi.org\/es\/#website\",\"url\":\"https:\/\/irse-ebi.org\/es\/\",\"name\":\"IRSE-EBI\",\"description\":\"Instituto de Reintegraci\u00f3n Social de Euskadi\",\"publisher\":{\"@id\":\"https:\/\/irse-ebi.org\/es\/#organization\"},\"potentialAction\":[{\"@type\":\"SearchAction\",\"target\":{\"@type\":\"EntryPoint\",\"urlTemplate\":\"https:\/\/irse-ebi.org\/es\/?s={search_term_string}\"},\"query-input\":{\"@type\":\"PropertyValueSpecification\",\"valueRequired\":true,\"valueName\":\"search_term_string\"}}],\"inLanguage\":\"es\"},{\"@type\":\"Organization\",\"@id\":\"https:\/\/irse-ebi.org\/es\/#organization\",\"name\":\"IRSE-EBI\",\"url\":\"https:\/\/irse-ebi.org\/es\/\",\"logo\":{\"@type\":\"ImageObject\",\"inLanguage\":\"es\",\"@id\":\"https:\/\/irse-ebi.org\/es\/#\/schema\/logo\/image\/\",\"url\":\"http:\/\/www.irse-ebi.org.mialias.net\/wp-content\/uploads\/2019\/06\/logo_irse_new200x161-1.png\",\"contentUrl\":\"http:\/\/www.irse-ebi.org.mialias.net\/wp-content\/uploads\/2019\/06\/logo_irse_new200x161-1.png\",\"width\":301,\"height\":161,\"caption\":\"IRSE-EBI\"},\"image\":{\"@id\":\"https:\/\/irse-ebi.org\/es\/#\/schema\/logo\/image\/\"}}]}<\/script>\n<!-- \/ Yoast SEO plugin. -->","yoast_head_json":{"title":"Pol\u00edtica de privacidad - IRSE-EBI","robots":{"index":"index","follow":"follow","max-snippet":"max-snippet:-1","max-image-preview":"max-image-preview:large","max-video-preview":"max-video-preview:-1"},"canonical":"https:\/\/irse-ebi.org\/es\/politica-de-privacidad\/","og_locale":"es_ES","og_type":"article","og_title":"Pol\u00edtica de privacidad - IRSE-EBI","og_description":"\u00bfQui\u00e9n es el responsable del tratamiento de tus datos personales? ASOCIACI\u00d3N INSTITUTO DE REINTEGRACI\u00d3N SOCIAL DE EUSKADI, EUSKADIKO BIRGIZARTERATZE INSTITUTOA, IRSE-EBI es el RESPONSABLE del tratamiento de los datos personales del USUARIO y le informa de que estos datos ser\u00e1n tratados de conformidad con lo dispuesto en el Reglamento (UE) 2016\/679, de 27 de abril...","og_url":"https:\/\/irse-ebi.org\/es\/politica-de-privacidad\/","og_site_name":"IRSE-EBI","article_modified_time":"2025-03-19T10:44:24+00:00","twitter_card":"summary_large_image","twitter_misc":{"Tiempo de lectura":"3 minutos"},"schema":{"@context":"https:\/\/schema.org","@graph":[{"@type":"WebPage","@id":"https:\/\/irse-ebi.org\/es\/politica-de-privacidad\/","url":"https:\/\/irse-ebi.org\/es\/politica-de-privacidad\/","name":"Pol\u00edtica de privacidad - IRSE-EBI","isPartOf":{"@id":"https:\/\/irse-ebi.org\/es\/#website"},"datePublished":"2019-03-01T17:44:10+00:00","dateModified":"2025-03-19T10:44:24+00:00","breadcrumb":{"@id":"https:\/\/irse-ebi.org\/es\/politica-de-privacidad\/#breadcrumb"},"inLanguage":"es","potentialAction":[{"@type":"ReadAction","target":["https:\/\/irse-ebi.org\/es\/politica-de-privacidad\/"]}]},{"@type":"BreadcrumbList","@id":"https:\/\/irse-ebi.org\/es\/politica-de-privacidad\/#breadcrumb","itemListElement":[{"@type":"ListItem","position":1,"name":"Inicio","item":"https:\/\/irse-ebi.org\/es\/"},{"@type":"ListItem","position":2,"name":"Pol\u00edtica de privacidad"}]},{"@type":"WebSite","@id":"https:\/\/irse-ebi.org\/es\/#website","url":"https:\/\/irse-ebi.org\/es\/","name":"IRSE-EBI","description":"Instituto de Reintegraci\u00f3n Social de Euskadi","publisher":{"@id":"https:\/\/irse-ebi.org\/es\/#organization"},"potentialAction":[{"@type":"SearchAction","target":{"@type":"EntryPoint","urlTemplate":"https:\/\/irse-ebi.org\/es\/?s={search_term_string}"},"query-input":{"@type":"PropertyValueSpecification","valueRequired":true,"valueName":"search_term_string"}}],"inLanguage":"es"},{"@type":"Organization","@id":"https:\/\/irse-ebi.org\/es\/#organization","name":"IRSE-EBI","url":"https:\/\/irse-ebi.org\/es\/","logo":{"@type":"ImageObject","inLanguage":"es","@id":"https:\/\/irse-ebi.org\/es\/#\/schema\/logo\/image\/","url":"http:\/\/www.irse-ebi.org.mialias.net\/wp-content\/uploads\/2019\/06\/logo_irse_new200x161-1.png","contentUrl":"http:\/\/www.irse-ebi.org.mialias.net\/wp-content\/uploads\/2019\/06\/logo_irse_new200x161-1.png","width":301,"height":161,"caption":"IRSE-EBI"},"image":{"@id":"https:\/\/irse-ebi.org\/es\/#\/schema\/logo\/image\/"}}]}},"taxonomy_info":[],"featured_image_src_large":false,"author_info":{"display_name":"Carlos","author_link":"https:\/\/irse-ebi.org\/es\/author\/irse\/"},"comment_info":0,"_links":{"self":[{"href":"https:\/\/irse-ebi.org\/es\/wp-json\/wp\/v2\/pages\/3","targetHints":{"allow":["GET"]}}],"collection":[{"href":"https:\/\/irse-ebi.org\/es\/wp-json\/wp\/v2\/pages"}],"about":[{"href":"https:\/\/irse-ebi.org\/es\/wp-json\/wp\/v2\/types\/page"}],"author":[{"embeddable":true,"href":"https:\/\/irse-ebi.org\/es\/wp-json\/wp\/v2\/users\/2"}],"replies":[{"embeddable":true,"href":"https:\/\/irse-ebi.org\/es\/wp-json\/wp\/v2\/comments?post=3"}],"version-history":[{"count":8,"href":"https:\/\/irse-ebi.org\/es\/wp-json\/wp\/v2\/pages\/3\/revisions"}],"predecessor-version":[{"id":22107,"href":"https:\/\/irse-ebi.org\/es\/wp-json\/wp\/v2\/pages\/3\/revisions\/22107"}],"wp:attachment":[{"href":"https:\/\/irse-ebi.org\/es\/wp-json\/wp\/v2\/media?parent=3"}],"curies":[{"name":"wp","href":"https:\/\/api.w.org\/{rel}","templated":true}]}}